{"id":778,"date":"2023-05-09T12:31:35","date_gmt":"2023-05-09T18:31:35","guid":{"rendered":"https:\/\/blog.samantha365mx.com\/?page_id=778"},"modified":"2023-12-04T12:01:38","modified_gmt":"2023-12-04T18:01:38","slug":"libros","status":"publish","type":"page","link":"https:\/\/blog.samantha365mx.com\/index.php\/libros\/","title":{"rendered":"Libros"},"content":{"rendered":"\n<p>\u00a1Descubre el camino hacia tu mejor versi\u00f3n con &#8220;La Rueda de la Vida. Un viaje para construir tu mejor versi\u00f3n&#8221;!<\/p>\n\n\n\n<p>Como profesionista y apasionada por el crecimiento personal, me complace compartir contigo mi experiencia y herramientas para abordar las complejidades de la vida y alcanzar tus objetivos. Mi primer libro, disponible en Edici\u00f3n Kindle, es una gu\u00eda pr\u00e1ctica para construir la vida que siempre has deseado.<\/p>\n\n\n\n<p>Enfrentamos preguntas dif\u00edciles a lo largo de nuestra vida, desde definir nuestros objetivos hasta descubrir qu\u00e9 nos hace verdaderamente felices. A trav\u00e9s de mi viaje personal, aprend\u00ed que resolver estos problemas requiere m\u00e1s que seguir una receta; se necesita una herramienta poderosa: la Rueda de la Vida.<\/p>\n\n\n\n<p>En este libro, comparto c\u00f3mo la Rueda de la Vida se convirti\u00f3 en mi gu\u00eda para identificar y lograr mis objetivos en ocho \u00e1reas clave. Te proporciono ejemplos concretos, 10 objetivos en cada \u00e1rea con sus planes de acci\u00f3n, y la f\u00f3rmula para crear tus propios objetivos. Adem\u00e1s, comparto valiosas herramientas que te ayudar\u00e1n en este proceso.<\/p>\n\n\n\n<p>Mi experiencia no se detiene aqu\u00ed. Como profesional en tecnolog\u00eda, mam\u00e1, l\u00edder de comunidades, conferencista internacional y blogger, he integrado estas pr\u00e1cticas en mi vida cotidiana. La b\u00fasqueda del equilibrio ha sido mi constante, y mi maestr\u00eda en Desarrollo del Potencial Humano en las Organizaciones ha ampliado a\u00fan m\u00e1s mis habilidades.<\/p>\n\n\n\n<p>Este libro no solo te guiar\u00e1 en la aplicaci\u00f3n pr\u00e1ctica de la Rueda de la Vida, sino que tambi\u00e9n te inspirar\u00e1 a conocerte mejor. La vida va m\u00e1s all\u00e1 de la familia y el trabajo; aprender a desarrollarnos en diferentes \u00e1reas nos brinda estabilidad mental, paz interior, mejora nuestras finanzas y enriquece nuestras experiencias.<\/p>\n\n\n\n<p>\u00a1Te invito a descubrir el poder transformador de la Rueda de la Vida! Adquiere tu ejemplar en Amazon y comienza tu viaje hacia la mejor versi\u00f3n de ti mismo.<\/p>\n\n\n\n<p>\u00a1\u00danete a la comunidad que busca el equilibrio y la felicidad! \ud83c\udf1f\ud83d\udd17 #LaRuedaDeLaVida #CrecimientoPersonal #LibroRecomendado #MejorVersi\u00f3nDeTiMismo #Samantha365MX<\/p>\n\n\n\n<p>\ud83d\udcda Cons\u00edguelo en Amazon:<\/p>\n\n\n\n<figure class=\"wp-block-embed aligncenter is-type-rich is-provider-amazon wp-block-embed-amazon\"><div class=\"wp-block-embed__wrapper\">\n<iframe loading=\"lazy\" title=\"La rueda de la vida. Un viaje para construir tu mejor versi\u00f3n. (Spanish Edition)\" type=\"text\/html\" width=\"640\" height=\"550\" frameborder=\"0\" allowfullscreen style=\"max-width:100%\" src=\"https:\/\/read.amazon.com\/kp\/card?preview=inline&#038;linkCode=kpd&#038;ref_=k4w_oembed_QopUzacOnQi4eg&#038;asin=B0C37DNJNK&#038;tag=kpembed-20\"><\/iframe>\n<\/div><\/figure>\n\n\n\n<p>Primera opini\u00f3n, no te conozco, pero \u00a1muchas gracias!<\/p>\n\n\n\n<figure class=\"wp-block-image size-full\"><img loading=\"lazy\" decoding=\"async\" width=\"709\" height=\"165\" src=\"https:\/\/blog.samantha365mx.com\/wp-content\/uploads\/2023\/05\/image.png\" alt=\"\" class=\"wp-image-784\" srcset=\"https:\/\/blog.samantha365mx.com\/wp-content\/uploads\/2023\/05\/image.png 709w, https:\/\/blog.samantha365mx.com\/wp-content\/uploads\/2023\/05\/image-300x70.png 300w\" sizes=\"auto, (max-width: 709px) 100vw, 709px\" \/><\/figure>\n\n\n\n<figure class=\"wp-block-image size-full\"><img loading=\"lazy\" decoding=\"async\" width=\"721\" height=\"223\" src=\"https:\/\/blog.samantha365mx.com\/wp-content\/uploads\/2023\/08\/image-1.png\" alt=\"\" class=\"wp-image-825\" srcset=\"https:\/\/blog.samantha365mx.com\/wp-content\/uploads\/2023\/08\/image-1.png 721w, https:\/\/blog.samantha365mx.com\/wp-content\/uploads\/2023\/08\/image-1-300x93.png 300w\" sizes=\"auto, (max-width: 721px) 100vw, 721px\" \/><\/figure>\n\n\n\n<p><\/p>\n","protected":false},"excerpt":{"rendered":"<p class=\"text-justify\">\u00a1Descubre el camino hacia tu mejor versi\u00f3n con &#8220;La Rueda de la Vida. Un viaje para construir tu mejor versi\u00f3n&#8221;! Como profesionista [&hellip;]<\/p>\n","protected":false},"author":2,"featured_media":0,"parent":0,"menu_order":0,"comment_status":"closed","ping_status":"closed","template":"","meta":{"footnotes":""},"class_list":["post-778","page","type-page","status-publish","hentry"],"_links":{"self":[{"href":"https:\/\/blog.samantha365mx.com\/index.php\/wp-json\/wp\/v2\/pages\/778","targetHints":{"allow":["GET"]}}],"collection":[{"href":"https:\/\/blog.samantha365mx.com\/index.php\/wp-json\/wp\/v2\/pages"}],"about":[{"href":"https:\/\/blog.samantha365mx.com\/index.php\/wp-json\/wp\/v2\/types\/page"}],"author":[{"embeddable":true,"href":"https:\/\/blog.samantha365mx.com\/index.php\/wp-json\/wp\/v2\/users\/2"}],"replies":[{"embeddable":true,"href":"https:\/\/blog.samantha365mx.com\/index.php\/wp-json\/wp\/v2\/comments?post=778"}],"version-history":[{"count":8,"href":"https:\/\/blog.samantha365mx.com\/index.php\/wp-json\/wp\/v2\/pages\/778\/revisions"}],"predecessor-version":[{"id":878,"href":"https:\/\/blog.samantha365mx.com\/index.php\/wp-json\/wp\/v2\/pages\/778\/revisions\/878"}],"wp:attachment":[{"href":"https:\/\/blog.samantha365mx.com\/index.php\/wp-json\/wp\/v2\/media?parent=778"}],"curies":[{"name":"wp","href":"https:\/\/api.w.org\/{rel}","templated":true}]}}