{"id":896,"date":"2024-01-15T13:48:17","date_gmt":"2024-01-15T19:48:17","guid":{"rendered":"https:\/\/blog.samantha365mx.com\/?page_id=896"},"modified":"2025-05-28T09:14:58","modified_gmt":"2025-05-28T15:14:58","slug":"apoyo","status":"publish","type":"page","link":"https:\/\/blog.samantha365mx.com\/index.php\/apoyo\/","title":{"rendered":"Apoyo &#8220;Va por Andy&#8221;"},"content":{"rendered":"\n<div class=\"wp-block-buttons is-layout-flex wp-block-buttons-is-layout-flex\">\n<div class=\"wp-block-button\"><a class=\"wp-block-button__link wp-element-button\" href=\"https:\/\/blog.samantha365mx.com\/index.php\/support-go-for-andy-va-por-andy\/\">Read in English<\/a><\/div>\n<\/div>\n\n\n\n<p>Querido lector<\/p>\n\n\n\n<p>Como sabr\u00e1s, mi participaci\u00f3n en comunidades t\u00e9cnicas ha sido amplia y constante desde que era estudiante de la universidad y hasta hoy en d\u00eda, 17 a\u00f1os de experiencia, puedes conocer parte de mis participaciones en este blog en la secci\u00f3n de <a rel=\"noreferrer noopener\" href=\"https:\/\/blog.samantha365mx.com\/index.php\/eventos\/\" target=\"_blank\">Eventos<\/a> de esta p\u00e1gina, he tenido el honor de ser reconocida como Profesional M\u00e1s Valioso de Microsoft desde 2015, algo que me llena de orgullo. Pero detr\u00e1s de los logros profesionales, hay una parte de mi vida que ha tomado un rumbo inesperado.<\/p>\n\n\n\n<p>Mi querida hija Andrea, es la \u00fanica que tengo, es <a rel=\"noreferrer noopener\" href=\"https:\/\/autismocdmexico.org\/ar\/diagnostico-de-autismo-en-mujeres-subrepresentacion-o-menor-incidencia\/\" target=\"_blank\">autista<\/a>, tiene 13 a\u00f1os, es muy inteligente, obtuvo el 3er lugar en su escuela, mientras estaba en 6to a\u00f1o de primaria en el ex\u00e1men de conocimientos, aprende y comprende r\u00e1pidamente, es buena estudiante, sin embargo la parte social es algo que ocasiona mucho estr\u00e9s y frustraci\u00f3n. Al inicio de la secundaria fue d\u00f3nde su vida cambi\u00f3, detonando <a rel=\"noreferrer noopener\" href=\"https:\/\/www.lung.org\/espanol\/salud-pulmonar-y-enfermedades\/asma\" target=\"_blank\">asma<\/a>, encontrando tambi\u00e9n, <a rel=\"noreferrer noopener\" href=\"https:\/\/medlineplus.gov\/spanish\/ency\/article\/000813.htm\" target=\"_blank\">rinitis<\/a>, <a rel=\"noreferrer noopener\" href=\"https:\/\/www.msdmanuals.com\/es-mx\/hogar\/trastornos-otorrinolaringol%C3%B3gicos\/trastornos-de-la-nariz-y-de-los-senos-paranasales\/sinusitis\" target=\"_blank\">sinusitis<\/a>, los cuales se han tratado con la ayuda de especialistas durante el 2023, sin embargo en julio 2023 mi hija fue ingresada a urgencias en pediatr\u00eda por convulsiones, entre los estudios generados se realiz\u00f3 electroencefalograma y tomograf\u00eda, con lo que se indic\u00f3 inicialmente tratamiento de epilepsia. Sin embargo, en septiembre 2023, se le realiz\u00f3 una resonancia magn\u00e9tica, los resultados interpretados en octubre dieron el diagn\u00f3stico de <a rel=\"noreferrer noopener\" href=\"https:\/\/www.mayoclinic.org\/es\/diseases-conditions\/brain-avm\/symptoms-causes\/syc-20350260\" target=\"_blank\">malformaci\u00f3n arteriovenosa<\/a> grado 3 en el cerebro (el video lo encontrar\u00e1s m\u00e1s abajo), que ya sangr\u00f3 y caus\u00f3 un infarto cerebral, gracias a Dios est\u00e1 estable, la noticia ha sido dura, confiamos que saldr\u00e1 bien, hay tratamiendo para esto, se requiere una cirug\u00eda cerebral especializada. La b\u00fasqueda constante con diversos m\u00e9dicos y sus recomendaciones encontramos donde pueden realizar este procedimiento, en la Ciudad de M\u00e9xico en condiciones \u00f3ptimas.<\/p>\n\n\n\n<p>Desde que mi hija enferm\u00f3 he trabajado a tiempo parcial desde casa para poder cuidarla 24\/7, los tratamientos son caros, visitas m\u00e9dicas, estudios, etc., me termin\u00e9 mis ahorros, vend\u00ed las cosas de valor que ten\u00eda, no tengo seguro de gastos m\u00e9dicos mayores.<\/p>\n\n\n\n<p> Este tipo de cirug\u00edas tienen un costo muy alto que puede ir desde 500,000 pesos mexicanos (29,000 dlls US) hasta 1,000,000 pesos mexicanos (58,000 dlls US) ya que regularmente requiere terapia endovascular para minizar el sangrado.<\/p>\n\n\n\n<p>Para costear la cirug\u00eda <a href=\"https:\/\/www.facebook.com\/marketplace\/item\/383134814364512\/\">vendo departamento<\/a> en conjunto con mis pap\u00e1s, y en lo que este se vende, una de mis hermanas y mi cu\u00f1ado, junto con una amiga, me est\u00e1n apoyando para poder costear la cirug\u00eda, sin embargo los gastos mensuales superan mis ingresos y despu\u00e9s de la cirug\u00eda el tratamiendo se extender\u00e1 por 3 a\u00f1os. Estamos en espera de la fecha de la cirug\u00eda, muy probablemente sea a finales de Febrero o mediados de Marzo 2024, dependemos de la siguiente cita con el neurocirujano el 30 de Enero 2024.<\/p>\n\n\n\n<p>Es aqu\u00ed donde pido su ayuda. <\/p>\n\n\n\n<p><strong>Estoy abriendo una campa\u00f1a aceptando donaciones para el tratamiento de mi hija, &#8220;Va por Andy&#8221;<\/strong>, no soy ONG por lo que no puedo dar un comprobante fiscal al respecto, solo puedo puedo emitir facturas como persona f\u00edsica con actividad empresarial. Buscando plataformas para realizar esta campa\u00f1a, las experiencias de algunas personas que conozco me comentan lo complejo y frustrante que llega a ser por lo que estoy generando la campa\u00f1a directo en mi p\u00e1gina.<\/p>\n\n\n\n<p><strong>Puedes ayudarme dejando una aportaci\u00f3n en Paypal<\/strong>:&nbsp;<br><a href=\"https:\/\/www.paypal.com\/paypalme\/samanthavt22\" target=\"_blank\" rel=\"noreferrer noopener\">https:\/\/www.paypal.com\/paypalme\/samanthavt22<\/a><\/p>\n\n\n\n<p><strong>O directamente a cuenta bancaria, si eres de M\u00e9xico a:<\/strong><\/p>\n\n\n\n<p>CLABE: 002180700789146788<br>Nombre: Samantha Villarreal Torres<br>Banco: CitiBanamex \/ Banamex<br>Concepto: Va por Andy<\/p>\n\n\n\n<p>No soy ONG, soy persona f\u00edsica con actividad empresarial por lo que solo puedo emitir facturas de ese tipo.<\/p>\n\n\n\n<p><strong>Otra forma de ayudarnos<\/strong>&nbsp;es contratando mis servicios de capacitaci\u00f3n, conferencias y consultor\u00eda en l\u00ednea con tecnolog\u00edas Microsoft 365, incluyendo Copilot (Inteligencia Artificial) tambi\u00e9n si requieres desarrollos a la medida o Power Platform, podemos revisarlo, para eso puedes escribirme:&nbsp;<a href=\"mailto:samantha@samantha365mx.com\" target=\"_blank\" rel=\"noreferrer noopener\">samantha@samantha365mx.com<\/a> o por whatsapp +52 55 3929 7651. <a href=\"https:\/\/blog.samantha365mx.com\/index.php\/para-empresas\/\">Clic aqu\u00ed para informaci\u00f3n para empresas<\/a><\/p>\n\n\n\n<p><strong>Puedes compartir tambi\u00e9n imagen o un pensamiento<\/strong>&nbsp;de mucho \u00e1nimo para mi hija&nbsp;<a href=\"https:\/\/sam365mx-my.sharepoint.com\/:f:\/g\/personal\/samantha_samantha365mx_com\/Euy__kh1-XFDkUiQ7liN1D4BB6zMQkNa-Z_F07IOZNLCXA\" target=\"_blank\" rel=\"noreferrer noopener\">aqu\u00ed<\/a><\/p>\n\n\n\n<figure class=\"wp-block-video\"><video controls src=\"https:\/\/blog.samantha365mx.com\/wp-content\/uploads\/2024\/01\/MAV.mp4\"><\/video><\/figure>\n\n\n\n<p>Este video es el estudio de resonancia magn\u00e9tica de mi hija.<\/p>\n\n\n\n<p>De manera adicional traigo un proyecto entre manos que requerir\u00e1 de inversionistas  m\u00e1s adelante y brindar\u00e1 trabajo a especialistas en el \u00e1rea de tecnolog\u00eda, lo estoy realizando en colaboraci\u00f3n de Luis Beltr\u00e1n.<\/p>\n\n\n\n<p>Adem\u00e1s pongo a su disposici\u00f3n mi experiencia con el caso m\u00e9dico de mi hija, si requieren informaci\u00f3n de alg\u00fan m\u00e9dico o institutici\u00f3n de salud con gusto les comparto los datos.<\/p>\n\n\n\n<p>Las comunidades que ayudo <a rel=\"noreferrer noopener\" href=\"https:\/\/www.facebook.com\/groups\/mujeresticslatam\" target=\"_blank\">Mujeres TICS Latam<\/a> y <a href=\"https:\/\/www.facebook.com\/groups\/comunidadmicrosoft365latam\" target=\"_blank\" rel=\"noreferrer noopener\">Microsoft 365 Latam<\/a> siguen activas gracias al gran equipo de colaboradores y su amor por compartir.<\/p>\n\n\n\n<figure class=\"wp-block-image size-full is-resized\"><img loading=\"lazy\" decoding=\"async\" width=\"844\" height=\"820\" src=\"https:\/\/blog.samantha365mx.com\/wp-content\/uploads\/2024\/01\/image.png\" alt=\"\" class=\"wp-image-904\" style=\"width:419px;height:407px\" srcset=\"https:\/\/blog.samantha365mx.com\/wp-content\/uploads\/2024\/01\/image.png 844w, https:\/\/blog.samantha365mx.com\/wp-content\/uploads\/2024\/01\/image-300x291.png 300w, https:\/\/blog.samantha365mx.com\/wp-content\/uploads\/2024\/01\/image-768x746.png 768w\" sizes=\"auto, (max-width: 844px) 100vw, 844px\" \/><\/figure>\n\n\n\n<p>Agradezco su cari\u00f1o y apoyo como siempre, aqu\u00ed estoy con mi peque\u00f1a Andrea.<\/p>\n\n\n\n<figure class=\"wp-block-image size-large is-resized\"><img loading=\"lazy\" decoding=\"async\" width=\"1024\" height=\"510\" src=\"https:\/\/blog.samantha365mx.com\/wp-content\/uploads\/2024\/01\/image-1-1024x510.png\" alt=\"\" class=\"wp-image-907\" style=\"width:426px;height:212px\" srcset=\"https:\/\/blog.samantha365mx.com\/wp-content\/uploads\/2024\/01\/image-1-1024x510.png 1024w, https:\/\/blog.samantha365mx.com\/wp-content\/uploads\/2024\/01\/image-1-300x149.png 300w, https:\/\/blog.samantha365mx.com\/wp-content\/uploads\/2024\/01\/image-1-768x383.png 768w, https:\/\/blog.samantha365mx.com\/wp-content\/uploads\/2024\/01\/image-1.png 1180w\" sizes=\"auto, (max-width: 1024px) 100vw, 1024px\" \/><\/figure>\n\n\n\n<p>Publicado: 15 de Enero 2024<\/p>\n\n\n\n<p><a href=\"https:\/\/blog.samantha365mx.com\/index.php\/va-por-andy\/\">Ver Actualizaci\u00f3n Va por Andy<\/a><\/p>\n","protected":false},"excerpt":{"rendered":"<p class=\"text-justify\">Querido lector Como sabr\u00e1s, mi participaci\u00f3n en comunidades t\u00e9cnicas ha sido amplia y constante desde que era estudiante de la universidad y [&hellip;]<\/p>\n","protected":false},"author":2,"featured_media":904,"parent":0,"menu_order":0,"comment_status":"closed","ping_status":"closed","template":"","meta":{"footnotes":""},"class_list":["post-896","page","type-page","status-publish","has-post-thumbnail","hentry"],"_links":{"self":[{"href":"https:\/\/blog.samantha365mx.com\/index.php\/wp-json\/wp\/v2\/pages\/896","targetHints":{"allow":["GET"]}}],"collection":[{"href":"https:\/\/blog.samantha365mx.com\/index.php\/wp-json\/wp\/v2\/pages"}],"about":[{"href":"https:\/\/blog.samantha365mx.com\/index.php\/wp-json\/wp\/v2\/types\/page"}],"author":[{"embeddable":true,"href":"https:\/\/blog.samantha365mx.com\/index.php\/wp-json\/wp\/v2\/users\/2"}],"replies":[{"embeddable":true,"href":"https:\/\/blog.samantha365mx.com\/index.php\/wp-json\/wp\/v2\/comments?post=896"}],"version-history":[{"count":20,"href":"https:\/\/blog.samantha365mx.com\/index.php\/wp-json\/wp\/v2\/pages\/896\/revisions"}],"predecessor-version":[{"id":1572,"href":"https:\/\/blog.samantha365mx.com\/index.php\/wp-json\/wp\/v2\/pages\/896\/revisions\/1572"}],"wp:featuredmedia":[{"embeddable":true,"href":"https:\/\/blog.samantha365mx.com\/index.php\/wp-json\/wp\/v2\/media\/904"}],"wp:attachment":[{"href":"https:\/\/blog.samantha365mx.com\/index.php\/wp-json\/wp\/v2\/media?parent=896"}],"curies":[{"name":"wp","href":"https:\/\/api.w.org\/{rel}","templated":true}]}}