{"id":931,"date":"2024-02-10T10:37:49","date_gmt":"2024-02-10T16:37:49","guid":{"rendered":"https:\/\/blog.samantha365mx.com\/?page_id=931"},"modified":"2024-02-12T13:16:45","modified_gmt":"2024-02-12T19:16:45","slug":"actualizaciones","status":"publish","type":"page","link":"https:\/\/blog.samantha365mx.com\/index.php\/actualizaciones\/","title":{"rendered":"Actualizaciones"},"content":{"rendered":"\n<div class=\"wp-block-buttons is-layout-flex wp-block-buttons-is-layout-flex\">\n<div class=\"wp-block-button\"><a class=\"wp-block-button__link wp-element-button\" href=\"https:\/\/blog.samantha365mx.com\/index.php\/apoyo\/\">Ver post original original<\/a><\/div>\n\n\n\n<div class=\"wp-block-button\"><a class=\"wp-block-button__link wp-element-button\" href=\"https:\/\/blog.samantha365mx.com\/index.php\/support-go-for-andy-va-por-andy\/\" target=\"_blank\" rel=\"noreferrer noopener\">Read in English<\/a><\/div>\n<\/div>\n\n\n\n<p>Actualizaci\u00f3n 10 de Febrero 2024<\/p>\n\n\n\n<p><strong>Muchas gracias por el apoyo<\/strong> <strong>que nos han brindado para mi hija<\/strong>, entre todos los mensajes alentadores y el cari\u00f1o que comparten, as\u00ed como las donaciones y propuestas de trabajo de coraz\u00f3n gracias, ya tenemos lo suficiente para m\u00e9dicos y estudios de mi hija, tanto de Enero como Febrero. Tenemos ya un <strong>estimado para la cirug\u00eda<\/strong> de mi hija se requiere un aproximado de<strong> $720,000<\/strong> pesos mexicanos (Casi 42,000 dlls US) <strong>puede ser un poco m\u00e1s,<\/strong> depender\u00e1 ya del momento de la cirug\u00eda, <strong>se requiere una angiograf\u00eda, terapia endovascular y la cirug\u00eda especializada de cerebro,<\/strong> ser\u00eda la misma semana estos procedimientos. Con respecto a la fecha de la cirug\u00eda de mi peque\u00f1a, ser\u00e1 la segunda semana de Marzo. <\/p>\n\n\n\n<p><strong>Aqu\u00ed es donde nos enfrentamos a una dificultad<\/strong> uno de los pr\u00e9stamos que ten\u00edamos previstos no lo aprobaron, buscamos otras alternativas para juntar dinero, pero <strong>nos faltan 200,000 pesos mexicanos<\/strong> (aprox 11,600 dlls),<strong> vendo departamento,<\/strong> <a href=\"https:\/\/www.facebook.com\/marketplace\/item\/383134814364512\/\">puedes verlo aqu\u00ed<\/a> si te interesa puedes contactarme directamente puede ser usado como vivienda u oficina, nos servir\u00e1 para pagar los pr\u00e9stamos, tratamientos y rehabilitaci\u00f3n posterior a la operaci\u00f3n.<\/p>\n\n\n\n<p>C\u00f3mo nos pueden ayudar:<\/p>\n\n\n\n<p><strong>Puedes ayudarme dejando una aportaci\u00f3n en Paypal<\/strong>:&nbsp;<br><a href=\"https:\/\/www.paypal.com\/paypalme\/samanthavt22\" target=\"_blank\" rel=\"noreferrer noopener\">https:\/\/www.paypal.com\/paypalme\/samanthavt22<\/a><\/p>\n\n\n\n<p><strong>O directamente a cuenta bancaria, si eres de M\u00e9xico a:<\/strong><\/p>\n\n\n\n<p>CLABE: 002180700789146788<br>Nombre: Samantha Villarreal Torres<br>Banco: CitiBanamex \/ Banamex<br>Concepto: Va por Andy<\/p>\n\n\n\n<p>No soy ONG, soy persona f\u00edsica con actividad empresarial por lo que solo puedo emitir facturas de ese tipo.<\/p>\n\n\n\n<p><strong>Otra forma de ayudarnos<\/strong>&nbsp;es contratando mis servicios de capacitaci\u00f3n, conferencias y consultor\u00eda en l\u00ednea con tecnolog\u00edas Microsoft 365, incluyendo Copilot (Inteligencia Artificial) tambi\u00e9n si requieres desarrollos a la medida o Power Platform, podemos revisarlo, para eso puedes escribirme:&nbsp;<a href=\"mailto:samantha@samantha365mx.com\" target=\"_blank\" rel=\"noreferrer noopener\">samantha@samantha365mx.com<\/a> o por whatsapp +52 55 3929 7651. <a href=\"https:\/\/blog.samantha365mx.com\/index.php\/para-empresas\/\">Clic aqu\u00ed para informaci\u00f3n para empresas<\/a><\/p>\n\n\n\n<p><strong>Puedes compartir tambi\u00e9n imagen o un pensamiento<\/strong>&nbsp;de mucho \u00e1nimo para mi hija&nbsp;<a href=\"https:\/\/sam365mx-my.sharepoint.com\/:f:\/g\/personal\/samantha_samantha365mx_com\/Euy__kh1-XFDkUiQ7liN1D4BB6zMQkNa-Z_F07IOZNLCXA\" target=\"_blank\" rel=\"noreferrer noopener\">aqu\u00ed<\/a><\/p>\n\n\n\n<p><strong>Y compartiendo esta informaci\u00f3n en tus redes sociales #VaPorAndy<\/strong><\/p>\n\n\n\n<p><strong>\u00a1\u00a1De antemano gracias, recibe un fuerte abrazo!!<\/strong><\/p>\n\n\n\n<p><a href=\"https:\/\/blog.samantha365mx.com\/index.php\/apoyo\/\">Ver post original original<\/a><\/p>\n\n\n\n<figure class=\"wp-block-image size-large\"><img loading=\"lazy\" decoding=\"async\" width=\"1024\" height=\"1001\" src=\"https:\/\/blog.samantha365mx.com\/wp-content\/uploads\/2024\/02\/image-1024x1001.png\" alt=\"\" class=\"wp-image-945\" srcset=\"https:\/\/blog.samantha365mx.com\/wp-content\/uploads\/2024\/02\/image-1024x1001.png 1024w, https:\/\/blog.samantha365mx.com\/wp-content\/uploads\/2024\/02\/image-300x293.png 300w, https:\/\/blog.samantha365mx.com\/wp-content\/uploads\/2024\/02\/image-768x751.png 768w, https:\/\/blog.samantha365mx.com\/wp-content\/uploads\/2024\/02\/image.png 1087w\" sizes=\"auto, (max-width: 1024px) 100vw, 1024px\" \/><\/figure>\n","protected":false},"excerpt":{"rendered":"<p class=\"text-justify\">Actualizaci\u00f3n 10 de Febrero 2024 Muchas gracias por el apoyo que nos han brindado para mi hija, entre todos los mensajes alentadores [&hellip;]<\/p>\n","protected":false},"author":2,"featured_media":945,"parent":0,"menu_order":0,"comment_status":"closed","ping_status":"closed","template":"","meta":{"footnotes":""},"class_list":["post-931","page","type-page","status-publish","has-post-thumbnail","hentry"],"_links":{"self":[{"href":"https:\/\/blog.samantha365mx.com\/index.php\/wp-json\/wp\/v2\/pages\/931","targetHints":{"allow":["GET"]}}],"collection":[{"href":"https:\/\/blog.samantha365mx.com\/index.php\/wp-json\/wp\/v2\/pages"}],"about":[{"href":"https:\/\/blog.samantha365mx.com\/index.php\/wp-json\/wp\/v2\/types\/page"}],"author":[{"embeddable":true,"href":"https:\/\/blog.samantha365mx.com\/index.php\/wp-json\/wp\/v2\/users\/2"}],"replies":[{"embeddable":true,"href":"https:\/\/blog.samantha365mx.com\/index.php\/wp-json\/wp\/v2\/comments?post=931"}],"version-history":[{"count":10,"href":"https:\/\/blog.samantha365mx.com\/index.php\/wp-json\/wp\/v2\/pages\/931\/revisions"}],"predecessor-version":[{"id":962,"href":"https:\/\/blog.samantha365mx.com\/index.php\/wp-json\/wp\/v2\/pages\/931\/revisions\/962"}],"wp:featuredmedia":[{"embeddable":true,"href":"https:\/\/blog.samantha365mx.com\/index.php\/wp-json\/wp\/v2\/media\/945"}],"wp:attachment":[{"href":"https:\/\/blog.samantha365mx.com\/index.php\/wp-json\/wp\/v2\/media?parent=931"}],"curies":[{"name":"wp","href":"https:\/\/api.w.org\/{rel}","templated":true}]}}